{"id":14267,"date":"2024-07-10T02:29:52","date_gmt":"2024-07-10T00:29:52","guid":{"rendered":"https:\/\/heyneo.ch\/heyneo-ch-privacy-policy\/"},"modified":"2026-02-09T20:07:34","modified_gmt":"2026-02-09T19:07:34","slug":"privacy-policy-heyneo","status":"publish","type":"page","link":"https:\/\/heyneo.ch\/en\/privacy-policy-heyneo\/","title":{"rendered":"Privacy Policy | heyneo.ch"},"content":{"rendered":"\n<p><strong>Congratulations on being here! Welcome to heyneo.ch. Protecting your personal data (as well as our own) just makes sense to us. In our privacy policy, we explain how we collect, use and protect your information when you use our website.   <\/strong><\/p>\n\n<h4 class=\"wp-block-heading has-text-color has-link-color wp-elements-e6c7ec38592e51a2cd694d31a5603a20\" id=\"responsable-du-traitement-des-donnees\" style=\"color:#ec4da3\">Data controller<\/h4>\n\n<p>Le responsable du traitement des donn\u00e9es est heyneo.ch et vous pouvez en savoir plus sur la page <a href=\"https:\/\/heyneo.ch\/a-propos-de-heyneo-ch\/\" type=\"page\" id=\"8522\">\u00c0 propos de heyneo.ch<\/a>.<\/p>\n\n<p>If you have any questions about your personal data, you can contact our data protection officer by email at <a href=\"mailto:neo+dpo@heyneo.ch\">neo+dpo@heyneo.ch.<\/a><\/p>\n\n<h4 class=\"wp-block-heading has-text-color has-link-color wp-elements-e35c820c522bdf0d236e430f0def5bf1\" id=\"sources-et-types-de-donnees-collectees\" style=\"color:#ec4da3\">Sources and types of data collected<\/h4>\n\n<h5 class=\"wp-block-heading\" id=\"sources-des-donnees\">Data sources<\/h5>\n\n<p>We collect data from the following sources:<\/p>\n\n<ul class=\"wp-block-list\">\n<li>Website users (via contact forms, newsletter subscriptions, comments)<\/li>\n\n\n\n<li>Business partners and suppliers<\/li>\n\n\n\n<li>Public and third-party sources<\/li>\n<\/ul>\n\n<h5 class=\"wp-block-heading\" id=\"types-de-donnees-collectees\">Types of data collected<\/h5>\n\n<p>We collect only the data necessary for the normal operation of the site and its functionalities:<\/p>\n\n<ul class=\"wp-block-list\">\n<li><strong>Personal data<\/strong>: Name, e-mail address (for newsletter and comments)<\/li>\n\n\n\n<li><strong>Browsing data<\/strong>: IP address, cookies (via Google Analytics, Google AdWords, Pixel Meta, Snapchat, X, LinkedIn, and Pinterest)<\/li>\n<\/ul>\n\n<h4 class=\"wp-block-heading has-text-color has-link-color wp-elements-d6935cc8ada87b7763621fd8e671cb51\" id=\"finalites-et-bases-legales-du-traitement-des-donnees\" style=\"color:#ec4da3\">Purposes and legal basis of data processing<\/h4>\n\n<h5 class=\"wp-block-heading\" id=\"finalites-du-traitement\">Purposes of processing<\/h5>\n\n<ul class=\"wp-block-list\">\n<li><strong>Provision of services<\/strong>: To enable you to browse our site and use its functionalities.<\/li>\n\n\n\n<li><strong>User relationship management<\/strong>: To manage subscriptions to our newsletter and comments on the site.<\/li>\n\n\n\n<li><strong>Marketing and retargeting<\/strong>: Use of Google Analytics, Google AdWords, Pixel Meta, Snapchat, X, LinkedIn, and Pinterest to improve our offer and provide you with targeted advertising.<\/li>\n<\/ul>\n\n<h5 class=\"wp-block-heading\" id=\"bases-legales\">Legal basis<\/h5>\n\n<ul class=\"wp-block-list\">\n<li><strong>Consent<\/strong>: For newsletter registration and use of cookies<\/li>\n\n\n\n<li><strong>Legitimate interests<\/strong>: For the proper functioning of the site and the improvement of our services<\/li>\n<\/ul>\n\n<h4 class=\"wp-block-heading has-text-color has-link-color wp-elements-c806dbeb2416c9074bcf4b960623f442\" id=\"destinataires-des-donnees\" style=\"color:#ec4da3\">Data recipients<\/h4>\n\n<h5 class=\"wp-block-heading\" id=\"interne\">Internal<\/h5>\n\n<p>heyneo.ch teams who need access to data to comply with contractual and legal requirements.<\/p>\n\n<h5 class=\"wp-block-heading\" id=\"externe\">External<\/h5>\n\n<ul class=\"wp-block-list\">\n<li><strong>Service providers<\/strong>: Hosted by Infomaniak, renowned for data protection in Switzerland.<\/li>\n\n\n\n<li><strong>Advertising partners<\/strong>: Google, Meta, Snapchat, X, LinkedIn, Pinterest.<\/li>\n<\/ul>\n\n<h5 class=\"wp-block-heading\" id=\"transfert-international\">International transfer<\/h5>\n\n<p>Data may be transferred to countries outside Switzerland for the purposes of retargeting advertising with our partners (Google, Meta, etc.). These transfers are subject to appropriate protection measures. <\/p>\n\n<h4 class=\"wp-block-heading has-text-color has-link-color wp-elements-8a2cbb1a5d0b56d7df320d708e2c0d9c\" id=\"duree-de-conservation-des-donnees\" style=\"color:#ec4da3\">Data retention period<\/h4>\n\n<p>We retain your personal information for as long as necessary to meet our legal and contractual obligations:<\/p>\n\n<ul class=\"wp-block-list\">\n<li><strong>Newsletter<\/strong>: Data is kept for as long as you are a subscriber. You can unsubscribe at any time. <\/li>\n\n\n\n<li><strong>Comments<\/strong>: Data is kept for as long as the comment is published on the site.<\/li>\n\n\n\n<li><strong>Navigation data<\/strong>: Cookies and other tracking data are stored in accordance with the lifetimes defined by our partners (generally between a few days and 2 years).<\/li>\n<\/ul>\n\n<h4 class=\"wp-block-heading has-text-color has-link-color wp-elements-7613d27ff67ddc1ab705c31901187cd0\" id=\"droits-des-utilisateurs\" style=\"color:#ec4da3\">User rights<\/h4>\n\n<ul class=\"wp-block-list\">\n<li><strong>Access<\/strong>: Right of access to your personal data.<\/li>\n\n\n\n<li><strong>Rectification<\/strong>: Right to rectify inaccurate data.<\/li>\n\n\n\n<li><strong>Erasure<\/strong>: Right to erasure of data (&#8220;right to be forgotten&#8221;).<\/li>\n\n\n\n<li><strong>Portability<\/strong>: Right to data portability.<\/li>\n\n\n\n<li><strong>Opposition<\/strong>: Right to object to the processing of data for direct marketing purposes.<\/li>\n\n\n\n<li><strong>Limitation<\/strong>: Right to limit data processing.<\/li>\n\n\n\n<li><strong>Withdrawal of consent<\/strong>: You may withdraw your consent at any time for the future. This does not affect the lawfulness of processing based on consent prior to its withdrawal. <\/li>\n<\/ul>\n\n<h4 class=\"wp-block-heading has-text-color has-link-color wp-elements-43baaa7360c990d2b697e37d381ae176\" id=\"prise-de-decisions-automatisees-et-profilage\" style=\"color:#ec4da3\">Automated decision-making and profiling<\/h4>\n\n<p>We do not use automated decisions. We do limited profiling for retargeting purposes to better understand your needs and improve our services. <\/p>\n\n<h4 class=\"wp-block-heading has-text-color has-link-color wp-elements-52ca7b1e88c7cd31b735433b52fe0671\" id=\"securite-des-donnees\" style=\"color:#ec4da3\">Data security<\/h4>\n\n<p>We take technical and organizational measures to protect your data against unjustified or unlawful processing, as well as against loss, alteration or unauthorized access. Our data is hosted in Switzerland by Infomaniak, which is renowned for its data protection. <\/p>\n\n<h4 class=\"wp-block-heading has-text-color has-link-color wp-elements-8b3b807e2c0bfab3e87f4f38d3f15aaf\" id=\"cookies-et-technologies-similaires\" style=\"color:#ec4da3\">Cookies and similar technologies<\/h4>\n\n<p>We use cookies and similar technologies to :<\/p>\n\n<ul class=\"wp-block-list\">\n<li><strong>Site operation<\/strong>: Strictly necessary cookies<\/li>\n\n\n\n<li><strong>Enhanced user experience<\/strong>: analytical cookies (Google Analytics)<\/li>\n\n\n\n<li><strong>Ad retargeting<\/strong>: Google AdWords, Pixel Meta, Snapchat, X, LinkedIn, Pinterest<\/li>\n<\/ul>\n\n<p>You can manage and deactivate cookies via your browser settings.<\/p>\n\n<h4 class=\"wp-block-heading has-text-color has-link-color wp-elements-b4c1cc7269a52d293577dd1592e9d6b7\" id=\"marketing-direct\" style=\"color:#ec4da3\">Direct marketing<\/h4>\n\n<p>We will only send you marketing communications if you have given your consent. You can unsubscribe at any time via the unsubscribe link in each e-mail. <\/p>\n\n<h4 class=\"wp-block-heading has-text-color has-link-color wp-elements-7d2503e20f8c0ceca7c42ff12c49f024\" id=\"mises-a-jour-de-la-politique-de-confidentialite\" style=\"color:#ec4da3\">Updates to the privacy policy<\/h4>\n\n<p>We may adapt our privacy policy to better protect your data. Any updates will be posted on our website heyneo.ch. <\/p>\n\n<h4 class=\"wp-block-heading has-text-color has-link-color wp-elements-4f7e3be8b656cc468d881e9f0c1e33da\" id=\"coordonnees\" style=\"color:#ec4da3\">Contact<\/h4>\n\n<p>If you have any questions or requests concerning your personal data, please contact us at <a href=\"mailto:neo+dpo@heyneo.ch\">neo+dpo@heyneo.ch<\/a>.<\/p>\n\n<h4 class=\"wp-block-heading has-text-color has-link-color wp-elements-480ef595807ec33d12cfa95d6768d6dc\" id=\"documents-et-liens-utiles\" style=\"color:#ec4da3\">Useful documents and links<\/h4>\n\n<ul class=\"wp-block-list\">\n<li><a href=\"https:\/\/www.fedlex.admin.ch\/eli\/cc\/1993\/1945_1945_1945\/fr\">Federal Act on Data Protection (FADP)<\/a><\/li>\n\n\n\n<li><a href=\"https:\/\/eur-lex.europa.eu\/eli\/reg\/2016\/679\/oj\">General Data Protection Regulation (GDPR)<\/a><\/li>\n\n\n\n<li><a href=\"https:\/\/www.edoeb.admin.ch\/edoeb\/en\/home\/the-fdpic\/contact.html\">Federal Data Protection and Information Commissioner (FDPIC)<\/a><\/li>\n\n\n\n<li><a href=\"https:\/\/www.infomaniak.com\/fr\/legal\/confidentialite\">Infomaniak &#8211; Data Protection Policy<\/a><\/li>\n\n\n\n<li><a href=\"https:\/\/policies.google.com\/privacy\">Google Analytics &#8211; Data Protection<\/a><\/li>\n\n\n\n<li><a href=\"https:\/\/www.facebook.com\/policy.php\">Meta &#8211; Privacy Policy<\/a><\/li>\n\n\n\n<li><a href=\"https:\/\/www.snap.com\/fr-FR\/privacy\/privacy-policy\">Snapchat &#8211; Privacy Policy<\/a><\/li>\n\n\n\n<li><a href=\"https:\/\/twitter.com\/en\/privacy\">X &#8211; Privacy Policy<\/a><\/li>\n\n\n\n<li><a href=\"https:\/\/www.linkedin.com\/legal\/privacy-policy\">LinkedIn &#8211; Privacy Policy<\/a><\/li>\n\n\n\n<li><a href=\"https:\/\/policy.pinterest.com\/fr\/privacy-policy\">Pinterest &#8211; Privacy Policy<\/a><\/li>\n<\/ul>\n\n<p>Thank you for your confidence and for visiting heyneo.ch.<\/p>\n","protected":false},"excerpt":{"rendered":"<p>Congratulations on being here! Welcome to heyneo.ch. Protecting your personal data (as well as our own) just makes sense to us. In our privacy policy, we explain how we collect, use and protect your information when you use our website. Data controller Le responsable du traitement des donn\u00e9es est heyneo.ch et vous pouvez en savoir [&hellip;]<\/p>\n","protected":false},"author":1,"featured_media":0,"parent":0,"menu_order":0,"comment_status":"closed","ping_status":"closed","template":"","meta":{"_gspb_post_css":"","_lmt_disableupdate":"","_lmt_disable":"","footnotes":""},"class_list":["post-14267","page","type-page","status-publish","hentry"],"yoast_head":"<!-- This site is optimized with the Yoast SEO Premium plugin v27.2 (Yoast SEO v27.2) - https:\/\/yoast.com\/product\/yoast-seo-premium-wordpress\/ -->\n<title>Privacy Policy of heyneo.ch<\/title>\n<meta name=\"description\" content=\"Discover how heyneo collects, uses, and protects data. Transparency and security are at the heart of our privacy policy.\" \/>\n<meta name=\"robots\" content=\"index, follow, max-snippet:-1, max-image-preview:large, max-video-preview:-1\" \/>\n<link rel=\"canonical\" href=\"https:\/\/heyneo.ch\/en\/privacy-policy-heyneo\/\" \/>\n<meta property=\"og:locale\" content=\"en_US\" \/>\n<meta property=\"og:type\" content=\"article\" \/>\n<meta property=\"og:title\" content=\"Privacy Policy | heyneo.ch\" \/>\n<meta property=\"og:description\" content=\"Discover how heyneo collects, uses, and protects data. Transparency and security are at the heart of our privacy policy.\" \/>\n<meta property=\"og:url\" content=\"https:\/\/heyneo.ch\/en\/privacy-policy-heyneo\/\" \/>\n<meta property=\"og:site_name\" content=\"heyneo.ch\" \/>\n<meta property=\"article:publisher\" content=\"https:\/\/www.facebook.com\/profile.php?id=61573547217981\" \/>\n<meta property=\"article:modified_time\" content=\"2026-02-09T19:07:34+00:00\" \/>\n<meta property=\"og:image\" content=\"https:\/\/heyneo.ch\/wp-content\/uploads\/2026\/01\/heyneo.png\" \/>\n\t<meta property=\"og:image:width\" content=\"1992\" \/>\n\t<meta property=\"og:image:height\" content=\"1208\" \/>\n\t<meta property=\"og:image:type\" content=\"image\/png\" \/>\n<meta name=\"twitter:card\" content=\"summary_large_image\" \/>\n<meta name=\"twitter:label1\" content=\"Est. reading time\" \/>\n\t<meta name=\"twitter:data1\" content=\"4 minutes\" \/>\n<script type=\"application\/ld+json\" class=\"yoast-schema-graph\">{\n\t    \"@context\": \"https:\/\/schema.org\",\n\t    \"@graph\": [\n\t        {\n\t            \"@type\": \"WebPage\",\n\t            \"@id\": \"https:\/\/heyneo.ch\/en\/privacy-policy-heyneo\/\",\n\t            \"url\": \"https:\/\/heyneo.ch\/en\/privacy-policy-heyneo\/\",\n\t            \"name\": \"Privacy Policy of heyneo.ch\",\n\t            \"isPartOf\": {\n\t                \"@id\": \"https:\/\/heyneo.ch\/en\/#website\"\n\t            },\n\t            \"datePublished\": \"2024-07-10T00:29:52+00:00\",\n\t            \"dateModified\": \"2026-02-09T19:07:34+00:00\",\n\t            \"description\": \"Discover how heyneo collects, uses, and protects data. Transparency and security are at the heart of our privacy policy.\",\n\t            \"breadcrumb\": {\n\t                \"@id\": \"https:\/\/heyneo.ch\/en\/privacy-policy-heyneo\/#breadcrumb\"\n\t            },\n\t            \"inLanguage\": \"en-US\",\n\t            \"potentialAction\": [\n\t                {\n\t                    \"@type\": \"ReadAction\",\n\t                    \"target\": [\n\t                        \"https:\/\/heyneo.ch\/en\/privacy-policy-heyneo\/\"\n\t                    ]\n\t                }\n\t            ]\n\t        },\n\t        {\n\t            \"@type\": \"BreadcrumbList\",\n\t            \"@id\": \"https:\/\/heyneo.ch\/en\/privacy-policy-heyneo\/#breadcrumb\",\n\t            \"itemListElement\": [\n\t                {\n\t                    \"@type\": \"ListItem\",\n\t                    \"position\": 1,\n\t                    \"name\": \"Accueil\",\n\t                    \"item\": \"https:\/\/heyneo.ch\/en\/home\/\"\n\t                },\n\t                {\n\t                    \"@type\": \"ListItem\",\n\t                    \"position\": 2,\n\t                    \"name\": \"Privacy Policy | heyneo.ch\"\n\t                }\n\t            ]\n\t        },\n\t        {\n\t            \"@type\": \"WebSite\",\n\t            \"@id\": \"https:\/\/heyneo.ch\/en\/#website\",\n\t            \"url\": \"https:\/\/heyneo.ch\/en\/\",\n\t            \"name\": \"heyneo.ch\",\n\t            \"description\": \"le blog suisse de la finance pour tous\u200b\",\n\t            \"publisher\": {\n\t                \"@id\": \"https:\/\/heyneo.ch\/en\/#organization\"\n\t            },\n\t            \"potentialAction\": [\n\t                {\n\t                    \"@type\": \"SearchAction\",\n\t                    \"target\": {\n\t                        \"@type\": \"EntryPoint\",\n\t                        \"urlTemplate\": \"https:\/\/heyneo.ch\/en\/?s={search_term_string}\"\n\t                    },\n\t                    \"query-input\": {\n\t                        \"@type\": \"PropertyValueSpecification\",\n\t                        \"valueRequired\": true,\n\t                        \"valueName\": \"search_term_string\"\n\t                    }\n\t                }\n\t            ],\n\t            \"inLanguage\": \"en-US\"\n\t        },\n\t        {\n\t            \"@type\": \"Organization\",\n\t            \"@id\": \"https:\/\/heyneo.ch\/en\/#organization\",\n\t            \"name\": \"heyneo.ch\",\n\t            \"url\": \"https:\/\/heyneo.ch\/en\/\",\n\t            \"logo\": {\n\t                \"@type\": \"ImageObject\",\n\t                \"inLanguage\": \"en-US\",\n\t                \"@id\": \"https:\/\/heyneo.ch\/en\/#\/schema\/logo\/image\/\",\n\t                \"url\": \"https:\/\/heyneo.ch\/wp-content\/uploads\/2025\/04\/heyneo-logo.svg\",\n\t                \"contentUrl\": \"https:\/\/heyneo.ch\/wp-content\/uploads\/2025\/04\/heyneo-logo.svg\",\n\t                \"width\": 421,\n\t                \"height\": 104,\n\t                \"caption\": \"heyneo.ch\"\n\t            },\n\t            \"image\": {\n\t                \"@id\": \"https:\/\/heyneo.ch\/en\/#\/schema\/logo\/image\/\"\n\t            },\n\t            \"sameAs\": [\n\t                \"https:\/\/www.facebook.com\/profile.php?id=61573547217981\",\n\t                \"https:\/\/www.linkedin.com\/company\/106236920\/\",\n\t                \"https:\/\/ch.pinterest.com\/comparisonguide\/\",\n\t                \"https:\/\/creators.spotify.com\/pod\/profile\/heyneo\/\",\n\t                \"https:\/\/podcasts.apple.com\/ch\/podcast\/helveticash\/id1794218608\",\n\t                \"https:\/\/music.amazon.fr\/podcasts\/47c395ff-3fcf-4b7e-96f3-f1aa900afcce\/helveticash\",\n\t                \"https:\/\/helveticash.substack.com\/\"\n\t            ],\n\t            \"description\": \"heyneo, le blog finance en suisse pour tous. Comparez, avis, comparatifs, tests des n\u00e9o-banques (Alpian, Neon, N26, Yuh, Revolut Suisse, Wise, Zak). Explorez la Swiss FINTECH avec un \u0153il curieux, honn\u00eate et critique. Promesse : transparence \/ expertise \/ p\u00e9dagogie.\",\n\t            \"legalName\": \"heyneo.ch\",\n\t            \"publishingPrinciples\": \"https:\/\/heyneo.ch\/a-propos-de-heyneo-ch\/\",\n\t            \"actionableFeedbackPolicy\": \"https:\/\/heyneo.ch\/politique-de-confidentialite-heyneo\/\",\n\t            \"correctionsPolicy\": \"https:\/\/heyneo.ch\/politique-de-confidentialite-heyneo\/\",\n\t            \"ethicsPolicy\": \"https:\/\/heyneo.ch\/a-propos-de-heyneo-ch\/\"\n\t        }\n\t    ]\n\t}<\/script>\n<!-- \/ Yoast SEO Premium plugin. -->","yoast_head_json":{"title":"Privacy Policy of heyneo.ch","description":"Discover how heyneo collects, uses, and protects data. Transparency and security are at the heart of our privacy policy.","robots":{"index":"index","follow":"follow","max-snippet":"max-snippet:-1","max-image-preview":"max-image-preview:large","max-video-preview":"max-video-preview:-1"},"canonical":"https:\/\/heyneo.ch\/en\/privacy-policy-heyneo\/","og_locale":"en_US","og_type":"article","og_title":"Privacy Policy | heyneo.ch","og_description":"Discover how heyneo collects, uses, and protects data. Transparency and security are at the heart of our privacy policy.","og_url":"https:\/\/heyneo.ch\/en\/privacy-policy-heyneo\/","og_site_name":"heyneo.ch","article_publisher":"https:\/\/www.facebook.com\/profile.php?id=61573547217981","article_modified_time":"2026-02-09T19:07:34+00:00","og_image":[{"width":1992,"height":1208,"url":"https:\/\/heyneo.ch\/wp-content\/uploads\/2026\/01\/heyneo.png","type":"image\/png"}],"twitter_card":"summary_large_image","twitter_misc":{"Est. reading time":"4 minutes"},"schema":{"@context":"https:\/\/schema.org","@graph":[{"@type":"WebPage","@id":"https:\/\/heyneo.ch\/en\/privacy-policy-heyneo\/","url":"https:\/\/heyneo.ch\/en\/privacy-policy-heyneo\/","name":"Privacy Policy of heyneo.ch","isPartOf":{"@id":"https:\/\/heyneo.ch\/en\/#website"},"datePublished":"2024-07-10T00:29:52+00:00","dateModified":"2026-02-09T19:07:34+00:00","description":"Discover how heyneo collects, uses, and protects data. Transparency and security are at the heart of our privacy policy.","breadcrumb":{"@id":"https:\/\/heyneo.ch\/en\/privacy-policy-heyneo\/#breadcrumb"},"inLanguage":"en-US","potentialAction":[{"@type":"ReadAction","target":["https:\/\/heyneo.ch\/en\/privacy-policy-heyneo\/"]}]},{"@type":"BreadcrumbList","@id":"https:\/\/heyneo.ch\/en\/privacy-policy-heyneo\/#breadcrumb","itemListElement":[{"@type":"ListItem","position":1,"name":"Accueil","item":"https:\/\/heyneo.ch\/en\/home\/"},{"@type":"ListItem","position":2,"name":"Privacy Policy | heyneo.ch"}]},{"@type":"WebSite","@id":"https:\/\/heyneo.ch\/en\/#website","url":"https:\/\/heyneo.ch\/en\/","name":"heyneo.ch","description":"le blog suisse de la finance pour tous\u200b","publisher":{"@id":"https:\/\/heyneo.ch\/en\/#organization"},"potentialAction":[{"@type":"SearchAction","target":{"@type":"EntryPoint","urlTemplate":"https:\/\/heyneo.ch\/en\/?s={search_term_string}"},"query-input":{"@type":"PropertyValueSpecification","valueRequired":true,"valueName":"search_term_string"}}],"inLanguage":"en-US"},{"@type":"Organization","@id":"https:\/\/heyneo.ch\/en\/#organization","name":"heyneo.ch","url":"https:\/\/heyneo.ch\/en\/","logo":{"@type":"ImageObject","inLanguage":"en-US","@id":"https:\/\/heyneo.ch\/en\/#\/schema\/logo\/image\/","url":"https:\/\/heyneo.ch\/wp-content\/uploads\/2025\/04\/heyneo-logo.svg","contentUrl":"https:\/\/heyneo.ch\/wp-content\/uploads\/2025\/04\/heyneo-logo.svg","width":421,"height":104,"caption":"heyneo.ch"},"image":{"@id":"https:\/\/heyneo.ch\/en\/#\/schema\/logo\/image\/"},"sameAs":["https:\/\/www.facebook.com\/profile.php?id=61573547217981","https:\/\/www.linkedin.com\/company\/106236920\/","https:\/\/ch.pinterest.com\/comparisonguide\/","https:\/\/creators.spotify.com\/pod\/profile\/heyneo\/","https:\/\/podcasts.apple.com\/ch\/podcast\/helveticash\/id1794218608","https:\/\/music.amazon.fr\/podcasts\/47c395ff-3fcf-4b7e-96f3-f1aa900afcce\/helveticash","https:\/\/helveticash.substack.com\/"],"description":"heyneo, le blog finance en suisse pour tous. Comparez, avis, comparatifs, tests des n\u00e9o-banques (Alpian, Neon, N26, Yuh, Revolut Suisse, Wise, Zak). Explorez la Swiss FINTECH avec un \u0153il curieux, honn\u00eate et critique. Promesse : transparence \/ expertise \/ p\u00e9dagogie.","legalName":"heyneo.ch","publishingPrinciples":"https:\/\/heyneo.ch\/a-propos-de-heyneo-ch\/","actionableFeedbackPolicy":"https:\/\/heyneo.ch\/politique-de-confidentialite-heyneo\/","correctionsPolicy":"https:\/\/heyneo.ch\/politique-de-confidentialite-heyneo\/","ethicsPolicy":"https:\/\/heyneo.ch\/a-propos-de-heyneo-ch\/"}]}},"_links":{"self":[{"href":"https:\/\/heyneo.ch\/en\/wp-json\/wp\/v2\/pages\/14267","targetHints":{"allow":["GET"]}}],"collection":[{"href":"https:\/\/heyneo.ch\/en\/wp-json\/wp\/v2\/pages"}],"about":[{"href":"https:\/\/heyneo.ch\/en\/wp-json\/wp\/v2\/types\/page"}],"author":[{"embeddable":true,"href":"https:\/\/heyneo.ch\/en\/wp-json\/wp\/v2\/users\/1"}],"replies":[{"embeddable":true,"href":"https:\/\/heyneo.ch\/en\/wp-json\/wp\/v2\/comments?post=14267"}],"version-history":[{"count":3,"href":"https:\/\/heyneo.ch\/en\/wp-json\/wp\/v2\/pages\/14267\/revisions"}],"predecessor-version":[{"id":27361,"href":"https:\/\/heyneo.ch\/en\/wp-json\/wp\/v2\/pages\/14267\/revisions\/27361"}],"wp:attachment":[{"href":"https:\/\/heyneo.ch\/en\/wp-json\/wp\/v2\/media?parent=14267"}],"curies":[{"name":"wp","href":"https:\/\/api.w.org\/{rel}","templated":true}]}}