{"id":23379,"date":"2025-09-02T18:06:00","date_gmt":"2025-09-02T16:06:00","guid":{"rendered":"https:\/\/heyneo.ch\/?page_id=23379"},"modified":"2025-09-12T13:12:34","modified_gmt":"2025-09-12T11:12:34","slug":"contact","status":"publish","type":"page","link":"https:\/\/heyneo.ch\/en\/contact\/","title":{"rendered":"Contact"},"content":{"rendered":"\n<p>\ud83d\ude08 Neo loves making new friends!<br\/>Want to chat? Leave him a kind message and he&#8217;ll get back to you quickly: <\/p>\n<div class='fluentform ff-default fluentform_wrapper_3 ffs_default_wrap'><form data-form_id=\"3\" id=\"fluentform_3\" class=\"frm-fluent-form fluent_form_3 ff-el-form-top ff_form_instance_3_1 ff-form-loading ffs_default\" data-form_instance=\"ff_form_instance_3_1\" method=\"POST\" ><fieldset  style=\"border: none!important;margin: 0!important;padding: 0!important;background-color: transparent!important;box-shadow: none!important;outline: none!important; min-inline-size: 100%;\">\n                    <legend class=\"ff_screen_reader_title\" style=\"display: block; margin: 0!important;padding: 0!important;height: 0!important;text-indent: -999999px;width: 0!important;overflow:hidden;\">Formulaire de contact heyneo.ch<\/legend><input type='hidden' name='__fluent_form_embded_post_id' value='23379' \/><input type=\"hidden\" id=\"_fluentform_3_fluentformnonce\" name=\"_fluentform_3_fluentformnonce\" value=\"b185eff2ca\" \/><input type=\"hidden\" name=\"_wp_http_referer\" value=\"\/en\/wp-json\/wp\/v2\/pages\/23379\" \/><div data-type=\"name-element\" data-name=\"names\" class=\" ff-field_container ff-name-field-wrapper\" ><div class='ff-t-container'><div class='ff-t-cell '><div class='ff-el-group'><div class=\"ff-el-input--label ff-el-is-required asterisk-right\"><label for='ff_3_names_first_name_' id='label_ff_3_names_first_name_' >Pr\u00e9nom<\/label><\/div><div class='ff-el-input--content'><input type=\"text\" name=\"names[first_name]\" id=\"ff_3_names_first_name_\" class=\"ff-el-form-control\" aria-invalid=\"false\" aria-required=true><\/div><\/div><\/div><div class='ff-t-cell '><div class='ff-el-group'><div class=\"ff-el-input--label ff-el-is-required asterisk-right\"><label for='ff_3_names_last_name_' id='label_ff_3_names_last_name_' >Nom<\/label><\/div><div class='ff-el-input--content'><input type=\"text\" name=\"names[last_name]\" id=\"ff_3_names_last_name_\" class=\"ff-el-form-control\" aria-invalid=\"false\" aria-required=true><\/div><\/div><\/div><\/div><\/div><div class='ff-el-group'><div class=\"ff-el-input--label ff-el-is-required asterisk-right\"><label for='ff_3_email' id='label_ff_3_email' aria-label=\"Adresse email\">Adresse email<\/label><\/div><div class='ff-el-input--content'><input type=\"email\" name=\"email\" id=\"ff_3_email\" class=\"ff-el-form-control\" data-name=\"email\"  aria-invalid=\"false\" aria-required=true><\/div><\/div><div class='ff-el-group'><div class=\"ff-el-input--label ff-el-is-required asterisk-right\"><label for='ff_3_subject' id='label_ff_3_subject' aria-label=\"Objet\">Objet<\/label><\/div><div class='ff-el-input--content'><input type=\"text\" name=\"subject\" class=\"ff-el-form-control\" data-name=\"subject\" id=\"ff_3_subject\"  aria-invalid=\"false\" aria-required=true><\/div><\/div><div class='ff-el-group'><div class=\"ff-el-input--label ff-el-is-required asterisk-right\"><label for='ff_3_message' id='label_ff_3_message' aria-label=\"Votre message\">Votre message<\/label><\/div><div class='ff-el-input--content'><textarea aria-required=\"true\" aria-labelledby=\"label_ff_3_message\" name=\"message\" id=\"ff_3_message\" class=\"ff-el-form-control\" rows=\"10\" cols=\"2\" maxlength=\"1000\" data-name=\"message\" ><\/textarea><\/div><\/div><div class='ff-el-group ff-text-center ff_submit_btn_wrapper'><button type=\"submit\" class=\"ff-btn ff-btn-submit ff-btn-md ff_btn_style wpf_has_custom_css\"  aria-label=\"Envoyer\">Envoyer<\/button><\/div><\/fieldset><\/form><div id='fluentform_3_errors' class='ff-errors-in-stack ff_form_instance_3_1 ff-form-loading_errors ff_form_instance_3_1_errors'><\/div><\/div>            <script type=\"text\/javascript\">\n                window.fluent_form_ff_form_instance_3_1 = {\"id\":\"3\",\"ajaxUrl\":\"https:\\\/\\\/heyneo.ch\\\/wp-admin\\\/admin-ajax.php\",\"settings\":{\"layout\":{\"labelPlacement\":\"top\",\"asteriskPlacement\":\"asterisk-right\",\"helpMessagePlacement\":\"with_label\",\"errorMessagePlacement\":\"inline\",\"cssClassName\":\"\"},\"restrictions\":{\"denyEmptySubmission\":{\"enabled\":false}}},\"form_instance\":\"ff_form_instance_3_1\",\"form_id_selector\":\"fluentform_3\",\"rules\":{\"names[first_name]\":{\"required\":{\"value\":true,\"message\":\"This field is required\",\"global\":true,\"global_message\":\"Ce champ est obligatoire\"}},\"names[middle_name]\":{\"required\":{\"value\":false,\"message\":\"This field is required\",\"global\":true,\"global_message\":\"Ce champ est obligatoire\"}},\"names[last_name]\":{\"required\":{\"value\":true,\"message\":\"This field is required\",\"global\":true,\"global_message\":\"Ce champ est obligatoire\"}},\"email\":{\"required\":{\"value\":true,\"message\":\"This field is required\",\"global\":true,\"global_message\":\"Ce champ est obligatoire\"},\"email\":{\"value\":true,\"message\":\"This field must contain a valid email\",\"global\":true,\"global_message\":\"Ce champ doit contenir un e-mail valide\"}},\"subject\":{\"required\":{\"value\":true,\"message\":\"This field is required\",\"global\":true,\"global_message\":\"Ce champ est obligatoire\"}},\"message\":{\"required\":{\"value\":true,\"message\":\"This field is required\",\"global\":true,\"global_message\":\"Ce champ est obligatoire\"}}},\"debounce_time\":300};\n                            <\/script>\n            \n","protected":false},"excerpt":{"rendered":"<p>\ud83d\ude08 Neo loves making new friends!Want to chat? Leave him a kind message and he&#8217;ll get back to you quickly:<\/p>\n","protected":false},"author":1,"featured_media":0,"parent":0,"menu_order":0,"comment_status":"closed","ping_status":"closed","template":"","meta":{"_gspb_post_css":"","_lmt_disableupdate":"","_lmt_disable":"","footnotes":""},"class_list":["post-23379","page","type-page","status-publish","hentry"],"yoast_head":"<!-- This site is optimized with the Yoast SEO Premium plugin v27.6 (Yoast SEO v27.6) - https:\/\/yoast.com\/product\/yoast-seo-premium-wordpress\/ -->\n<title>Contact heyneo.ch<\/title>\n<meta name=\"description\" content=\"The contact page of heyneo.ch, the Swiss guide to neobanks, credit cards, investment platforms...\" \/>\n<meta name=\"robots\" content=\"index, follow, max-snippet:-1, max-image-preview:large, max-video-preview:-1\" \/>\n<link rel=\"canonical\" href=\"https:\/\/heyneo.ch\/en\/contact\/\" \/>\n<meta property=\"og:locale\" content=\"en_US\" \/>\n<meta property=\"og:type\" content=\"article\" \/>\n<meta property=\"og:title\" content=\"Contact\" \/>\n<meta property=\"og:description\" content=\"The contact page of heyneo.ch, the Swiss guide to neobanks, credit cards, investment platforms...\" \/>\n<meta property=\"og:url\" content=\"https:\/\/heyneo.ch\/en\/contact\/\" \/>\n<meta property=\"og:site_name\" content=\"heyneo.ch\" \/>\n<meta property=\"article:publisher\" content=\"https:\/\/www.facebook.com\/profile.php?id=61573547217981\" \/>\n<meta property=\"article:modified_time\" content=\"2025-09-12T11:12:34+00:00\" \/>\n<meta property=\"og:image\" content=\"https:\/\/heyneo.ch\/wp-content\/uploads\/2026\/01\/heyneo.png\" \/>\n\t<meta property=\"og:image:width\" content=\"1992\" \/>\n\t<meta property=\"og:image:height\" content=\"1208\" \/>\n\t<meta property=\"og:image:type\" content=\"image\/png\" \/>\n<meta name=\"twitter:card\" content=\"summary_large_image\" \/>\n<script type=\"application\/ld+json\" class=\"yoast-schema-graph\">{\n\t    \"@context\": \"https:\\\/\\\/schema.org\",\n\t    \"@graph\": [\n\t        {\n\t            \"@type\": \"WebPage\",\n\t            \"@id\": \"https:\\\/\\\/heyneo.ch\\\/en\\\/contact\\\/\",\n\t            \"url\": \"https:\\\/\\\/heyneo.ch\\\/en\\\/contact\\\/\",\n\t            \"name\": \"Contact heyneo.ch\",\n\t            \"isPartOf\": {\n\t                \"@id\": \"https:\\\/\\\/heyneo.ch\\\/en\\\/#website\"\n\t            },\n\t            \"datePublished\": \"2025-09-02T16:06:00+00:00\",\n\t            \"dateModified\": \"2025-09-12T11:12:34+00:00\",\n\t            \"description\": \"The contact page of heyneo.ch, the Swiss guide to neobanks, credit cards, investment platforms...\",\n\t            \"breadcrumb\": {\n\t                \"@id\": \"https:\\\/\\\/heyneo.ch\\\/en\\\/contact\\\/#breadcrumb\"\n\t            },\n\t            \"inLanguage\": \"en-US\",\n\t            \"potentialAction\": [\n\t                {\n\t                    \"@type\": \"ReadAction\",\n\t                    \"target\": [\n\t                        \"https:\\\/\\\/heyneo.ch\\\/en\\\/contact\\\/\"\n\t                    ]\n\t                }\n\t            ]\n\t        },\n\t        {\n\t            \"@type\": \"BreadcrumbList\",\n\t            \"@id\": \"https:\\\/\\\/heyneo.ch\\\/en\\\/contact\\\/#breadcrumb\",\n\t            \"itemListElement\": [\n\t                {\n\t                    \"@type\": \"ListItem\",\n\t                    \"position\": 1,\n\t                    \"name\": \"Accueil\",\n\t                    \"item\": \"https:\\\/\\\/heyneo.ch\\\/en\\\/home\\\/\"\n\t                },\n\t                {\n\t                    \"@type\": \"ListItem\",\n\t                    \"position\": 2,\n\t                    \"name\": \"Contact\"\n\t                }\n\t            ]\n\t        },\n\t        {\n\t            \"@type\": \"WebSite\",\n\t            \"@id\": \"https:\\\/\\\/heyneo.ch\\\/en\\\/#website\",\n\t            \"url\": \"https:\\\/\\\/heyneo.ch\\\/en\\\/\",\n\t            \"name\": \"heyneo.ch\",\n\t            \"description\": \"le blog suisse de la finance pour tous\u200b\",\n\t            \"publisher\": {\n\t                \"@id\": \"https:\\\/\\\/heyneo.ch\\\/en\\\/#organization\"\n\t            },\n\t            \"potentialAction\": [\n\t                {\n\t                    \"@type\": \"SearchAction\",\n\t                    \"target\": {\n\t                        \"@type\": \"EntryPoint\",\n\t                        \"urlTemplate\": \"https:\\\/\\\/heyneo.ch\\\/en\\\/?s={search_term_string}\"\n\t                    },\n\t                    \"query-input\": {\n\t                        \"@type\": \"PropertyValueSpecification\",\n\t                        \"valueRequired\": true,\n\t                        \"valueName\": \"search_term_string\"\n\t                    }\n\t                }\n\t            ],\n\t            \"inLanguage\": \"en-US\"\n\t        },\n\t        {\n\t            \"@type\": \"Organization\",\n\t            \"@id\": \"https:\\\/\\\/heyneo.ch\\\/en\\\/#organization\",\n\t            \"name\": \"heyneo.ch\",\n\t            \"url\": \"https:\\\/\\\/heyneo.ch\\\/en\\\/\",\n\t            \"logo\": {\n\t                \"@type\": \"ImageObject\",\n\t                \"inLanguage\": \"en-US\",\n\t                \"@id\": \"https:\\\/\\\/heyneo.ch\\\/en\\\/#\\\/schema\\\/logo\\\/image\\\/\",\n\t                \"url\": \"https:\\\/\\\/heyneo.ch\\\/wp-content\\\/uploads\\\/2025\\\/04\\\/heyneo-logo.svg\",\n\t                \"contentUrl\": \"https:\\\/\\\/heyneo.ch\\\/wp-content\\\/uploads\\\/2025\\\/04\\\/heyneo-logo.svg\",\n\t                \"width\": 421,\n\t                \"height\": 104,\n\t                \"caption\": \"heyneo.ch\"\n\t            },\n\t            \"image\": {\n\t                \"@id\": \"https:\\\/\\\/heyneo.ch\\\/en\\\/#\\\/schema\\\/logo\\\/image\\\/\"\n\t            },\n\t            \"sameAs\": [\n\t                \"https:\\\/\\\/www.facebook.com\\\/profile.php?id=61573547217981\",\n\t                \"https:\\\/\\\/www.linkedin.com\\\/company\\\/106236920\\\/\",\n\t                \"https:\\\/\\\/ch.pinterest.com\\\/comparisonguide\\\/\",\n\t                \"https:\\\/\\\/creators.spotify.com\\\/pod\\\/profile\\\/heyneo\\\/\",\n\t                \"https:\\\/\\\/podcasts.apple.com\\\/ch\\\/podcast\\\/helveticash\\\/id1794218608\",\n\t                \"https:\\\/\\\/music.amazon.fr\\\/podcasts\\\/47c395ff-3fcf-4b7e-96f3-f1aa900afcce\\\/helveticash\",\n\t                \"https:\\\/\\\/helveticash.substack.com\\\/\"\n\t            ],\n\t            \"description\": \"heyneo, le blog finance en suisse pour tous. Comparez, avis, comparatifs, tests des n\u00e9o-banques (Alpian, Neon, N26, Yuh, Revolut Suisse, Wise, Zak). Explorez la Swiss FINTECH avec un \u0153il curieux, honn\u00eate et critique. Promesse : transparence \\\/ expertise \\\/ p\u00e9dagogie.\",\n\t            \"legalName\": \"heyneo.ch\",\n\t            \"publishingPrinciples\": \"https:\\\/\\\/heyneo.ch\\\/a-propos-de-heyneo-ch\\\/\",\n\t            \"actionableFeedbackPolicy\": \"https:\\\/\\\/heyneo.ch\\\/politique-de-confidentialite-heyneo\\\/\",\n\t            \"correctionsPolicy\": \"https:\\\/\\\/heyneo.ch\\\/politique-de-confidentialite-heyneo\\\/\",\n\t            \"ethicsPolicy\": \"https:\\\/\\\/heyneo.ch\\\/a-propos-de-heyneo-ch\\\/\"\n\t        }\n\t    ]\n\t}<\/script>\n<!-- \/ Yoast SEO Premium plugin. -->","yoast_head_json":{"title":"Contact heyneo.ch","description":"The contact page of heyneo.ch, the Swiss guide to neobanks, credit cards, investment platforms...","robots":{"index":"index","follow":"follow","max-snippet":"max-snippet:-1","max-image-preview":"max-image-preview:large","max-video-preview":"max-video-preview:-1"},"canonical":"https:\/\/heyneo.ch\/en\/contact\/","og_locale":"en_US","og_type":"article","og_title":"Contact","og_description":"The contact page of heyneo.ch, the Swiss guide to neobanks, credit cards, investment platforms...","og_url":"https:\/\/heyneo.ch\/en\/contact\/","og_site_name":"heyneo.ch","article_publisher":"https:\/\/www.facebook.com\/profile.php?id=61573547217981","article_modified_time":"2025-09-12T11:12:34+00:00","og_image":[{"width":1992,"height":1208,"url":"https:\/\/heyneo.ch\/wp-content\/uploads\/2026\/01\/heyneo.png","type":"image\/png"}],"twitter_card":"summary_large_image","schema":{"@context":"https:\/\/schema.org","@graph":[{"@type":"WebPage","@id":"https:\/\/heyneo.ch\/en\/contact\/","url":"https:\/\/heyneo.ch\/en\/contact\/","name":"Contact heyneo.ch","isPartOf":{"@id":"https:\/\/heyneo.ch\/en\/#website"},"datePublished":"2025-09-02T16:06:00+00:00","dateModified":"2025-09-12T11:12:34+00:00","description":"The contact page of heyneo.ch, the Swiss guide to neobanks, credit cards, investment platforms...","breadcrumb":{"@id":"https:\/\/heyneo.ch\/en\/contact\/#breadcrumb"},"inLanguage":"en-US","potentialAction":[{"@type":"ReadAction","target":["https:\/\/heyneo.ch\/en\/contact\/"]}]},{"@type":"BreadcrumbList","@id":"https:\/\/heyneo.ch\/en\/contact\/#breadcrumb","itemListElement":[{"@type":"ListItem","position":1,"name":"Accueil","item":"https:\/\/heyneo.ch\/en\/home\/"},{"@type":"ListItem","position":2,"name":"Contact"}]},{"@type":"WebSite","@id":"https:\/\/heyneo.ch\/en\/#website","url":"https:\/\/heyneo.ch\/en\/","name":"heyneo.ch","description":"le blog suisse de la finance pour tous\u200b","publisher":{"@id":"https:\/\/heyneo.ch\/en\/#organization"},"potentialAction":[{"@type":"SearchAction","target":{"@type":"EntryPoint","urlTemplate":"https:\/\/heyneo.ch\/en\/?s={search_term_string}"},"query-input":{"@type":"PropertyValueSpecification","valueRequired":true,"valueName":"search_term_string"}}],"inLanguage":"en-US"},{"@type":"Organization","@id":"https:\/\/heyneo.ch\/en\/#organization","name":"heyneo.ch","url":"https:\/\/heyneo.ch\/en\/","logo":{"@type":"ImageObject","inLanguage":"en-US","@id":"https:\/\/heyneo.ch\/en\/#\/schema\/logo\/image\/","url":"https:\/\/heyneo.ch\/wp-content\/uploads\/2025\/04\/heyneo-logo.svg","contentUrl":"https:\/\/heyneo.ch\/wp-content\/uploads\/2025\/04\/heyneo-logo.svg","width":421,"height":104,"caption":"heyneo.ch"},"image":{"@id":"https:\/\/heyneo.ch\/en\/#\/schema\/logo\/image\/"},"sameAs":["https:\/\/www.facebook.com\/profile.php?id=61573547217981","https:\/\/www.linkedin.com\/company\/106236920\/","https:\/\/ch.pinterest.com\/comparisonguide\/","https:\/\/creators.spotify.com\/pod\/profile\/heyneo\/","https:\/\/podcasts.apple.com\/ch\/podcast\/helveticash\/id1794218608","https:\/\/music.amazon.fr\/podcasts\/47c395ff-3fcf-4b7e-96f3-f1aa900afcce\/helveticash","https:\/\/helveticash.substack.com\/"],"description":"heyneo, le blog finance en suisse pour tous. Comparez, avis, comparatifs, tests des n\u00e9o-banques (Alpian, Neon, N26, Yuh, Revolut Suisse, Wise, Zak). Explorez la Swiss FINTECH avec un \u0153il curieux, honn\u00eate et critique. Promesse : transparence \/ expertise \/ p\u00e9dagogie.","legalName":"heyneo.ch","publishingPrinciples":"https:\/\/heyneo.ch\/a-propos-de-heyneo-ch\/","actionableFeedbackPolicy":"https:\/\/heyneo.ch\/politique-de-confidentialite-heyneo\/","correctionsPolicy":"https:\/\/heyneo.ch\/politique-de-confidentialite-heyneo\/","ethicsPolicy":"https:\/\/heyneo.ch\/a-propos-de-heyneo-ch\/"}]}},"_links":{"self":[{"href":"https:\/\/heyneo.ch\/en\/wp-json\/wp\/v2\/pages\/23379","targetHints":{"allow":["GET"]}}],"collection":[{"href":"https:\/\/heyneo.ch\/en\/wp-json\/wp\/v2\/pages"}],"about":[{"href":"https:\/\/heyneo.ch\/en\/wp-json\/wp\/v2\/types\/page"}],"author":[{"embeddable":true,"href":"https:\/\/heyneo.ch\/en\/wp-json\/wp\/v2\/users\/1"}],"replies":[{"embeddable":true,"href":"https:\/\/heyneo.ch\/en\/wp-json\/wp\/v2\/comments?post=23379"}],"version-history":[{"count":0,"href":"https:\/\/heyneo.ch\/en\/wp-json\/wp\/v2\/pages\/23379\/revisions"}],"wp:attachment":[{"href":"https:\/\/heyneo.ch\/en\/wp-json\/wp\/v2\/media?parent=23379"}],"curies":[{"name":"wp","href":"https:\/\/api.w.org\/{rel}","templated":true}]}}